{"id":1626,"date":"2020-02-13T14:55:51","date_gmt":"2020-02-13T14:55:51","guid":{"rendered":"http:\/\/www.kitesurftexel.nl\/?page_id=1626"},"modified":"2024-08-16T14:47:37","modified_gmt":"2024-08-16T14:47:37","slug":"proclinic","status":"publish","type":"page","link":"https:\/\/www.kitesurftexel.nl\/de_de\/proclinic\/","title":{"rendered":"Hydrofoil en Wave"},"content":{"rendered":"<div class=\"wpb-content-wrapper\"><div data-vc-full-width=\"true\" data-vc-full-width-init=\"false\" data-vc-stretch-content=\"true\" class=\"vc_row wpb_row vc_row-fluid vc_row-no-padding vc_row-o-equal-height vc_row-o-content-top vc_row-flex\"><div class=\"wpb_column vc_column_container vc_col-sm-12 vc_col-lg-6 vc_col-md-6 vc_col-xs-12 vc_col-has-fill\"><div class=\"vc_column-inner vc_custom_1591464628736\"><div class=\"wpb_wrapper\"><\/div><\/div><\/div><div class=\"wpb_column vc_column_container vc_col-sm-12 vc_col-lg-6 vc_col-md-6 vc_col-xs-12 vc_col-has-fill\"><div class=\"vc_column-inner vc_custom_1591126747656\"><div class=\"wpb_wrapper\">\n\t<div class=\"wpb_text_column wpb_content_element\" >\n\t\t<div class=\"wpb_wrapper\">\n\t\t\t<p>Aufgrund des Designs der Folie k\u00f6nnen Sie mit deutlich weniger Wind ins Wasser gehen. Sie k\u00f6nnen ab 10 Knoten \u00fcber der Nordsee schweben. Auf diese Weise k\u00f6nnen Sie das ganze Jahr \u00fcber mit viel weniger Wind ins Wasser gehen. Erfahrung, minimale Eigenst\u00e4ndigkeit und die F\u00e4higkeit, in einer H\u00f6he von zwanzig zu laufen, sind ein Muss.<\/p>\n\n\t\t<\/div>\n\t<\/div>\n<\/div><\/div><\/div><\/div><div class=\"vc_row-full-width vc_clearfix\"><\/div><div class=\"vc_row wpb_row vc_row-fluid kaartjes vc_custom_1591123632096\"><div class=\"wpb_column vc_column_container vc_col-sm-12\"><div class=\"vc_column-inner\"><div class=\"wpb_wrapper\"><div class=\"lvca-pricing-table lvca-grid-container  lvca-grid-desktop-2 lvca-grid-tablet-2 lvca-grid-mobile-1\"><div class=\"lvca-grid-item lvca-pricing-plan\" ><div class=\"lvca-top-header\"><p class=\"lvca-tagline center\">maximal 2 Personen<\/p><h3 class=\"lvca-center\">Hydrofoil Clinic<\/h3><img loading=\"lazy\" decoding=\"async\" width=\"1920\" height=\"1200\" src=\"https:\/\/www.kitesurftexel.nl\/wp-content\/uploads\/2020\/01\/Duotone-Kiteboarding_Capa_Action-Pics6.jpg\" class=\"lvca-image full\" alt=\"Hydrofoil Clinic\" srcset=\"https:\/\/www.kitesurftexel.nl\/wp-content\/uploads\/2020\/01\/Duotone-Kiteboarding_Capa_Action-Pics6.jpg 1920w, https:\/\/www.kitesurftexel.nl\/wp-content\/uploads\/2020\/01\/Duotone-Kiteboarding_Capa_Action-Pics6-300x188.jpg 300w, https:\/\/www.kitesurftexel.nl\/wp-content\/uploads\/2020\/01\/Duotone-Kiteboarding_Capa_Action-Pics6-1024x640.jpg 1024w, https:\/\/www.kitesurftexel.nl\/wp-content\/uploads\/2020\/01\/Duotone-Kiteboarding_Capa_Action-Pics6-768x480.jpg 768w, https:\/\/www.kitesurftexel.nl\/wp-content\/uploads\/2020\/01\/Duotone-Kiteboarding_Capa_Action-Pics6-1536x960.jpg 1536w\" sizes=\"auto, (max-width: 1920px) 100vw, 1920px\" \/><\/div><h4 class=\"lvca-plan-price lvca-plan-header lvca-center\"><span class=\"lvca-text\">v.a. \u20ac 110<\/span><\/h4><div class=\"lvca-plan-details\"><\/p>\n<ul>\n<li><code class=\"gray5 language-markup\"><i class=\"fas fa-vial\"><\/i><\/code>\u00a0 Neue Dimension des Kitesurfens<\/li>\n<li><code class=\"gray5 language-markup\"><i class=\"fas fa-wind\"><\/i><\/code>\u00a0 Kitesurfen ab 10 Knoten<\/li>\n<li><code class=\"gray5 language-markup\"><i class=\"fas fa-star\"><\/i><\/code>\u00a0 Neueste Materialien<\/li>\n<li><code class=\"gray5 language-markup\"><i class=\"fas fa-clock\"><\/i><\/code>\u00a0 1 Lektion pro 2,5 Stunden<\/li>\n<\/ul>\n<p>&nbsp;<\/div><!-- .lvca-plan-details --><div class=\"lvca-purchase\"><a class=\"lvca-button\" href=\"http:\/\/httpswww.kitesurftexel.nlpage_id2219\" title=\"Hydrofoilclinic\" target=\"\">Buch ein Hydrofoil Kurs<\/a><\/div><\/div><!-- .lvca-pricing-plan --><div class=\"lvca-grid-item lvca-pricing-plan\" ><div class=\"lvca-top-header\"><p class=\"lvca-tagline center\">maximal 2 Personen<\/p><h3 class=\"lvca-center\">Wave Clinic<\/h3><img loading=\"lazy\" decoding=\"async\" width=\"1440\" height=\"902\" src=\"https:\/\/www.kitesurftexel.nl\/wp-content\/uploads\/2020\/01\/Overons-scaled-e1591699519309.jpg\" class=\"lvca-image full\" alt=\"Wave Clinic\" srcset=\"https:\/\/www.kitesurftexel.nl\/wp-content\/uploads\/2020\/01\/Overons-scaled-e1591699519309.jpg 1440w, https:\/\/www.kitesurftexel.nl\/wp-content\/uploads\/2020\/01\/Overons-scaled-e1591699519309-300x188.jpg 300w, https:\/\/www.kitesurftexel.nl\/wp-content\/uploads\/2020\/01\/Overons-scaled-e1591699519309-1024x641.jpg 1024w, https:\/\/www.kitesurftexel.nl\/wp-content\/uploads\/2020\/01\/Overons-scaled-e1591699519309-768x481.jpg 768w\" sizes=\"auto, (max-width: 1440px) 100vw, 1440px\" \/><\/div><h4 class=\"lvca-plan-price lvca-plan-header lvca-center\"><span class=\"lvca-text\">v.a. \u20ac 110<\/span><\/h4><div class=\"lvca-plan-details\"><\/p>\n<ul>\n<li><code class=\"gray5 language-markup\"><i class=\"fas fa-water\"><\/i><\/code>\u00a0 Wave clinics auf den Nordsee<\/li>\n<li><code class=\"gray5 language-markup\"><i class=\"fas fa-tools\"><\/i><\/code>\u00a0 Ausr\u00fcstung enthalten<\/li>\n<li><code class=\"gray5 language-markup\"><i class=\"fas fa-route\"><\/i><\/code>\u00a0 Downwinder m\u00f6glich<\/li>\n<li><code class=\"gray5 language-markup\"><i class=\"fas fa-clock\"><\/i>\u00a0<\/code> 1 Lektion pro 2,5 Stunden<\/li>\n<\/ul>\n<p>&nbsp;<\/div><!-- .lvca-plan-details --><div class=\"lvca-purchase\"><a class=\"lvca-button\" href=\"http:\/\/httpswww.kitesurftexel.nlpage_id2215\" title=\"Waveclinic\" target=\"\">Buch ein WaveClinic<\/a><\/div><\/div><!-- .lvca-pricing-plan --><\/div><\/div><\/div><\/div><\/div>\n<\/div>","protected":false},"excerpt":{"rendered":"<p>Door de vormgeving van de Foil kun je met aanzienlijk minder wind het water op. Vanaf 10 knopen zweef je al over de Noordzee. Zo kun je het hele jaar door met veel minder wind het water op. Ervaring, minimaal zelfredzaam en hoogte kunne lopen op een twintip is een must. maximaal 2 personenHydrofoil Clinicv.a.&hellip;<\/p>","protected":false},"author":1,"featured_media":0,"parent":0,"menu_order":0,"comment_status":"closed","ping_status":"closed","template":"","meta":{"inline_featured_image":false,"footnotes":""},"class_list":["post-1626","page","type-page","status-publish","hentry","description-off"],"_links":{"self":[{"href":"https:\/\/www.kitesurftexel.nl\/de_de\/wp-json\/wp\/v2\/pages\/1626","targetHints":{"allow":["GET"]}}],"collection":[{"href":"https:\/\/www.kitesurftexel.nl\/de_de\/wp-json\/wp\/v2\/pages"}],"about":[{"href":"https:\/\/www.kitesurftexel.nl\/de_de\/wp-json\/wp\/v2\/types\/page"}],"author":[{"embeddable":true,"href":"https:\/\/www.kitesurftexel.nl\/de_de\/wp-json\/wp\/v2\/users\/1"}],"replies":[{"embeddable":true,"href":"https:\/\/www.kitesurftexel.nl\/de_de\/wp-json\/wp\/v2\/comments?post=1626"}],"version-history":[{"count":16,"href":"https:\/\/www.kitesurftexel.nl\/de_de\/wp-json\/wp\/v2\/pages\/1626\/revisions"}],"predecessor-version":[{"id":2571,"href":"https:\/\/www.kitesurftexel.nl\/de_de\/wp-json\/wp\/v2\/pages\/1626\/revisions\/2571"}],"wp:attachment":[{"href":"https:\/\/www.kitesurftexel.nl\/de_de\/wp-json\/wp\/v2\/media?parent=1626"}],"curies":[{"name":"wp","href":"https:\/\/api.w.org\/{rel}","templated":true}]}}